{"id":14662,"date":"2024-02-23T13:22:57","date_gmt":"2024-02-23T12:22:57","guid":{"rendered":"https:\/\/www.foebus.store\/?post_type=product&#038;p=14662"},"modified":"2025-12-10T14:48:24","modified_gmt":"2025-12-10T13:48:24","slug":"stahlmeisterduebel","status":"publish","type":"product","link":"https:\/\/www.foebus.de\/fr\/produit\/stahlmeisterduebel\/","title":{"rendered":"Stahlmeisterd\u00fcbel"},"content":{"rendered":"<table id=\"tablepress-14\" class=\"tablepress tablepress-id-14\">\n<thead>\n<tr class=\"row-1\">\n\t<th class=\"column-1\">Art.Nr.<\/th><th class=\"column-2\">Size<\/th><th class=\"column-3\">Au\u00dfen-\u00d8 (mm)<\/th><th class=\"column-4\">Gesamtl\u00e4nge (mm)<\/th><th class=\"column-5\">Gewinde<\/th><th class=\"column-6\">MOQ<\/th><td class=\"column-7\"><\/td>\n<\/tr>\n<\/thead>\n<tbody class=\"row-striping row-hover\">\n<tr class=\"row-2\">\n\t<td class=\"column-1\">91415<\/td><td class=\"column-2\">1<\/td><td class=\"column-3\">15<\/td><td class=\"column-4\">35<\/td><td class=\"column-5\">M12 x 1,0mm<\/td><td class=\"column-6\">50<\/td><td class=\"column-7\"><a href=\"https:\/\/www.foebus.de\/fr\/produit\/91415\/\">Stahl-Meisterd\u00c3\u00bcbel Gr.1<\/a><\/td>\n<\/tr>\n<tr class=\"row-3\">\n\t<td class=\"column-1\">91415A<\/td><td class=\"column-2\">1A<\/td><td class=\"column-3\">15<\/td><td class=\"column-4\">51<\/td><td class=\"column-5\">M12 x 1,0mm<\/td><td class=\"column-6\">50<\/td><td class=\"column-7\"><a href=\"https:\/\/www.foebus.de\/fr\/produit\/91415A\/\">Stahl-Meisterd\u00c3\u00bcbel Gr.1A<\/a><\/td>\n<\/tr>\n<tr class=\"row-4\">\n\t<td class=\"column-1\">91421<\/td><td class=\"column-2\">2<\/td><td class=\"column-3\">21<\/td><td class=\"column-4\">43<\/td><td class=\"column-5\">M18 x 1,5mm<\/td><td class=\"column-6\">50<\/td><td class=\"column-7\"><a href=\"https:\/\/www.foebus.de\/fr\/produit\/91421\/\">Stahl-Meisterd\u00c3\u00bcbel Gr.2<\/a><\/td>\n<\/tr>\n<tr class=\"row-5\">\n\t<td class=\"column-1\">91421A<\/td><td class=\"column-2\">2A<\/td><td class=\"column-3\">21<\/td><td class=\"column-4\">63<\/td><td class=\"column-5\">M18 x 1,5mm<\/td><td class=\"column-6\">50<\/td><td class=\"column-7\"><a href=\"https:\/\/www.foebus.de\/fr\/produit\/91421A\/\">Stahl-Meisterd\u00c3\u00bcbel Gr.2A<\/a><\/td>\n<\/tr>\n<tr class=\"row-6\">\n\t<td class=\"column-1\">91430<\/td><td class=\"column-2\">3<\/td><td class=\"column-3\">30<\/td><td class=\"column-4\">60<\/td><td class=\"column-5\">M26 x 1,5mm<\/td><td class=\"column-6\">20<\/td><td class=\"column-7\"><a href=\"https:\/\/www.foebus.de\/fr\/produit\/91430\/\">Stahl-Meisterd\u00c3\u00bcbel Gr.3<\/a><\/td>\n<\/tr>\n<tr class=\"row-7\">\n\t<td class=\"column-1\">91430A<\/td><td class=\"column-2\">3A<\/td><td class=\"column-3\">30<\/td><td class=\"column-4\">100<\/td><td class=\"column-5\">M26 x 1,5mm<\/td><td class=\"column-6\">20<\/td><td class=\"column-7\"><a href=\"https:\/\/www.foebus.de\/fr\/produit\/91430A\/\">Stahl-Meisterd\u00c3\u00bcbel Gr.3A<\/a><\/td>\n<\/tr>\n<\/tbody>\n<\/table>\n<!-- #tablepress-14 from cache -->","protected":false},"excerpt":{"rendered":"","protected":false},"featured_media":18749,"template":"","meta":{"ocean_post_layout":"","ocean_both_sidebars_style":"","ocean_both_sidebars_content_width":0,"ocean_both_sidebars_sidebars_width":0,"ocean_sidebar":"0","ocean_second_sidebar":"0","ocean_disable_margins":"enable","ocean_add_body_class":"","ocean_shortcode_before_top_bar":"","ocean_shortcode_after_top_bar":"","ocean_shortcode_before_header":"","ocean_shortcode_after_header":"","ocean_has_shortcode":"","ocean_shortcode_after_title":"","ocean_shortcode_before_footer_widgets":"","ocean_shortcode_after_footer_widgets":"","ocean_shortcode_before_footer_bottom":"","ocean_shortcode_after_footer_bottom":"","ocean_display_top_bar":"default","ocean_display_header":"default","ocean_header_style":"","ocean_center_header_left_menu":"0","ocean_custom_header_template":"0","ocean_custom_logo":0,"ocean_custom_retina_logo":0,"ocean_custom_logo_max_width":0,"ocean_custom_logo_tablet_max_width":0,"ocean_custom_logo_mobile_max_width":0,"ocean_custom_logo_max_height":0,"ocean_custom_logo_tablet_max_height":0,"ocean_custom_logo_mobile_max_height":0,"ocean_header_custom_menu":"0","ocean_menu_typo_font_family":"0","ocean_menu_typo_font_subset":"","ocean_menu_typo_font_size":0,"ocean_menu_typo_font_size_tablet":0,"ocean_menu_typo_font_size_mobile":0,"ocean_menu_typo_font_size_unit":"px","ocean_menu_typo_font_weight":"","ocean_menu_typo_font_weight_tablet":"","ocean_menu_typo_font_weight_mobile":"","ocean_menu_typo_transform":"","ocean_menu_typo_transform_tablet":"","ocean_menu_typo_transform_mobile":"","ocean_menu_typo_line_height":0,"ocean_menu_typo_line_height_tablet":0,"ocean_menu_typo_line_height_mobile":0,"ocean_menu_typo_line_height_unit":"","ocean_menu_typo_spacing":0,"ocean_menu_typo_spacing_tablet":0,"ocean_menu_typo_spacing_mobile":0,"ocean_menu_typo_spacing_unit":"","ocean_menu_link_color":"","ocean_menu_link_color_hover":"","ocean_menu_link_color_active":"","ocean_menu_link_background":"","ocean_menu_link_hover_background":"","ocean_menu_link_active_background":"","ocean_menu_social_links_bg":"","ocean_menu_social_hover_links_bg":"","ocean_menu_social_links_color":"","ocean_menu_social_hover_links_color":"","ocean_disable_title":"default","ocean_disable_heading":"default","ocean_post_title":"","ocean_post_subheading":"","ocean_post_title_style":"","ocean_post_title_background_color":"","ocean_post_title_background":0,"ocean_post_title_bg_image_position":"","ocean_post_title_bg_image_attachment":"","ocean_post_title_bg_image_repeat":"","ocean_post_title_bg_image_size":"","ocean_post_title_height":0,"ocean_post_title_bg_overlay":0.5,"ocean_post_title_bg_overlay_color":"","ocean_disable_breadcrumbs":"default","ocean_breadcrumbs_color":"","ocean_breadcrumbs_separator_color":"","ocean_breadcrumbs_links_color":"","ocean_breadcrumbs_links_hover_color":"","ocean_display_footer_widgets":"default","ocean_display_footer_bottom":"default","ocean_custom_footer_template":"0"},"product_brand":[],"product_cat":[55],"product_tag":[],"class_list":{"0":"post-14662","1":"product","2":"type-product","3":"status-publish","4":"has-post-thumbnail","6":"product_cat-modellverduebelung","8":"entry","9":"has-media","11":"first","12":"instock","13":"shipping-taxable","14":"product-type-simple","15":"has-product-nav","16":"col","17":"span_1_of_3","18":"owp-content-center","19":"owp-thumbs-layout-horizontal","20":"owp-btn-normal","21":"owp-tabs-layout-horizontal","22":"has-no-thumbnails"},"yoast_head":"<!-- This site is optimized with the Yoast SEO plugin v27.3 - https:\/\/yoast.com\/product\/yoast-seo-wordpress\/ -->\n<title>Stahlmeisterd\u00fcbel - F\u00f6bus<\/title>\n<meta name=\"description\" content=\"Robuste Meisterd\u00fcbel aus Stahl f\u00fcr pr\u00e4zise Modell- und Formenarbeiten. Hohe Festigkeit, saubere Passung und zuverl\u00e4ssige Verbindung.\" \/>\n<meta name=\"robots\" content=\"index, follow, max-snippet:-1, max-image-preview:large, max-video-preview:-1\" \/>\n<link rel=\"canonical\" href=\"https:\/\/www.foebus.de\/fr\/produit\/stahlmeisterduebel\/\" \/>\n<meta name=\"twitter:card\" content=\"summary_large_image\" \/>\n<meta name=\"twitter:title\" content=\"Stahlmeisterd\u00fcbel - F\u00f6bus\" \/>\n<meta name=\"twitter:description\" content=\"Robuste Meisterd\u00fcbel aus Stahl f\u00fcr pr\u00e4zise Modell- und Formenarbeiten. Hohe Festigkeit, saubere Passung und zuverl\u00e4ssige Verbindung.\" \/>\n<meta name=\"twitter:image\" content=\"https:\/\/www.foebus.de\/wp-content\/uploads\/2024\/02\/Stahlmeisterduebel.png\" \/>\n<meta name=\"twitter:label1\" content=\"Dur\u00e9e de lecture estim\u00e9e\" \/>\n\t<meta name=\"twitter:data1\" content=\"1 minute\" \/>\n<script type=\"application\/ld+json\" class=\"yoast-schema-graph\">{\"@context\":\"https:\\\/\\\/schema.org\",\"@graph\":[{\"@type\":\"WebPage\",\"@id\":\"https:\\\/\\\/www.foebus.de\\\/produkt\\\/stahlmeisterduebel\\\/\",\"url\":\"https:\\\/\\\/www.foebus.de\\\/produkt\\\/stahlmeisterduebel\\\/\",\"name\":\"Stahlmeisterd\u00fcbel - F\u00f6bus\",\"isPartOf\":{\"@id\":\"https:\\\/\\\/www.foebus.store\\\/#website\"},\"primaryImageOfPage\":{\"@id\":\"https:\\\/\\\/www.foebus.de\\\/produkt\\\/stahlmeisterduebel\\\/#primaryimage\"},\"image\":{\"@id\":\"https:\\\/\\\/www.foebus.de\\\/produkt\\\/stahlmeisterduebel\\\/#primaryimage\"},\"thumbnailUrl\":\"https:\\\/\\\/www.foebus.de\\\/wp-content\\\/uploads\\\/2024\\\/02\\\/Stahlmeisterduebel.png\",\"datePublished\":\"2024-02-23T12:22:57+00:00\",\"dateModified\":\"2025-12-10T13:48:24+00:00\",\"description\":\"Robuste Meisterd\u00fcbel aus Stahl f\u00fcr pr\u00e4zise Modell- und Formenarbeiten. Hohe Festigkeit, saubere Passung und zuverl\u00e4ssige Verbindung.\",\"breadcrumb\":{\"@id\":\"https:\\\/\\\/www.foebus.de\\\/produkt\\\/stahlmeisterduebel\\\/#breadcrumb\"},\"inLanguage\":\"fr-FR\",\"potentialAction\":[{\"@type\":\"ReadAction\",\"target\":[\"https:\\\/\\\/www.foebus.de\\\/produkt\\\/stahlmeisterduebel\\\/\"]}]},{\"@type\":\"ImageObject\",\"inLanguage\":\"fr-FR\",\"@id\":\"https:\\\/\\\/www.foebus.de\\\/produkt\\\/stahlmeisterduebel\\\/#primaryimage\",\"url\":\"https:\\\/\\\/www.foebus.de\\\/wp-content\\\/uploads\\\/2024\\\/02\\\/Stahlmeisterduebel.png\",\"contentUrl\":\"https:\\\/\\\/www.foebus.de\\\/wp-content\\\/uploads\\\/2024\\\/02\\\/Stahlmeisterduebel.png\",\"width\":417,\"height\":321,\"caption\":\"Meisterd\u00fcbel aus Stahl\"},{\"@type\":\"BreadcrumbList\",\"@id\":\"https:\\\/\\\/www.foebus.de\\\/produkt\\\/stahlmeisterduebel\\\/#breadcrumb\",\"itemListElement\":[{\"@type\":\"ListItem\",\"position\":1,\"name\":\"Home\",\"item\":\"https:\\\/\\\/www.foebus.de\\\/\"},{\"@type\":\"ListItem\",\"position\":2,\"name\":\"Shop\",\"item\":\"https:\\\/\\\/www.foebus.store\\\/shop\\\/\"},{\"@type\":\"ListItem\",\"position\":3,\"name\":\"Stahlmeisterd\u00fcbel\"}]},{\"@type\":\"WebSite\",\"@id\":\"https:\\\/\\\/www.foebus.store\\\/#website\",\"url\":\"https:\\\/\\\/www.foebus.store\\\/\",\"name\":\"F\u00f6bus\",\"description\":\"Welcome to the World of Foundry &amp; Patternmaking Supply.\",\"publisher\":{\"@id\":\"https:\\\/\\\/www.foebus.store\\\/#organization\"},\"potentialAction\":[{\"@type\":\"SearchAction\",\"target\":{\"@type\":\"EntryPoint\",\"urlTemplate\":\"https:\\\/\\\/www.foebus.store\\\/?s={search_term_string}\"},\"query-input\":{\"@type\":\"PropertyValueSpecification\",\"valueRequired\":true,\"valueName\":\"search_term_string\"}}],\"inLanguage\":\"fr-FR\"},{\"@type\":\"Organization\",\"@id\":\"https:\\\/\\\/www.foebus.store\\\/#organization\",\"name\":\"Ludwig F\u00f6bus GmbH & Co KG\",\"url\":\"https:\\\/\\\/www.foebus.store\\\/\",\"logo\":{\"@type\":\"ImageObject\",\"inLanguage\":\"fr-FR\",\"@id\":\"https:\\\/\\\/www.foebus.store\\\/#\\\/schema\\\/logo\\\/image\\\/\",\"url\":\"https:\\\/\\\/www.foebus.de\\\/wp-content\\\/uploads\\\/2019\\\/01\\\/cropped-image004-1.png\",\"contentUrl\":\"https:\\\/\\\/www.foebus.de\\\/wp-content\\\/uploads\\\/2019\\\/01\\\/cropped-image004-1.png\",\"width\":432,\"height\":187,\"caption\":\"Ludwig F\u00f6bus GmbH & Co KG\"},\"image\":{\"@id\":\"https:\\\/\\\/www.foebus.store\\\/#\\\/schema\\\/logo\\\/image\\\/\"}}]}<\/script>\n<!-- \/ Yoast SEO plugin. -->","yoast_head_json":{"title":"Stahlmeisterd\u00fcbel - F\u00f6bus","description":"Robuste Meisterd\u00fcbel aus Stahl f\u00fcr pr\u00e4zise Modell- und Formenarbeiten. Hohe Festigkeit, saubere Passung und zuverl\u00e4ssige Verbindung.","robots":{"index":"index","follow":"follow","max-snippet":"max-snippet:-1","max-image-preview":"max-image-preview:large","max-video-preview":"max-video-preview:-1"},"canonical":"https:\/\/www.foebus.de\/fr\/produit\/stahlmeisterduebel\/","twitter_card":"summary_large_image","twitter_title":"Stahlmeisterd\u00fcbel - F\u00f6bus","twitter_description":"Robuste Meisterd\u00fcbel aus Stahl f\u00fcr pr\u00e4zise Modell- und Formenarbeiten. Hohe Festigkeit, saubere Passung und zuverl\u00e4ssige Verbindung.","twitter_image":"https:\/\/www.foebus.de\/wp-content\/uploads\/2024\/02\/Stahlmeisterduebel.png","twitter_misc":{"Dur\u00e9e de lecture estim\u00e9e":"1 minute"},"schema":{"@context":"https:\/\/schema.org","@graph":[{"@type":"WebPage","@id":"https:\/\/www.foebus.de\/produkt\/stahlmeisterduebel\/","url":"https:\/\/www.foebus.de\/produkt\/stahlmeisterduebel\/","name":"Stahlmeisterd\u00fcbel - F\u00f6bus","isPartOf":{"@id":"https:\/\/www.foebus.store\/#website"},"primaryImageOfPage":{"@id":"https:\/\/www.foebus.de\/produkt\/stahlmeisterduebel\/#primaryimage"},"image":{"@id":"https:\/\/www.foebus.de\/produkt\/stahlmeisterduebel\/#primaryimage"},"thumbnailUrl":"https:\/\/www.foebus.de\/wp-content\/uploads\/2024\/02\/Stahlmeisterduebel.png","datePublished":"2024-02-23T12:22:57+00:00","dateModified":"2025-12-10T13:48:24+00:00","description":"Robuste Meisterd\u00fcbel aus Stahl f\u00fcr pr\u00e4zise Modell- und Formenarbeiten. Hohe Festigkeit, saubere Passung und zuverl\u00e4ssige Verbindung.","breadcrumb":{"@id":"https:\/\/www.foebus.de\/produkt\/stahlmeisterduebel\/#breadcrumb"},"inLanguage":"fr-FR","potentialAction":[{"@type":"ReadAction","target":["https:\/\/www.foebus.de\/produkt\/stahlmeisterduebel\/"]}]},{"@type":"ImageObject","inLanguage":"fr-FR","@id":"https:\/\/www.foebus.de\/produkt\/stahlmeisterduebel\/#primaryimage","url":"https:\/\/www.foebus.de\/wp-content\/uploads\/2024\/02\/Stahlmeisterduebel.png","contentUrl":"https:\/\/www.foebus.de\/wp-content\/uploads\/2024\/02\/Stahlmeisterduebel.png","width":417,"height":321,"caption":"Meisterd\u00fcbel aus Stahl"},{"@type":"BreadcrumbList","@id":"https:\/\/www.foebus.de\/produkt\/stahlmeisterduebel\/#breadcrumb","itemListElement":[{"@type":"ListItem","position":1,"name":"Home","item":"https:\/\/www.foebus.de\/"},{"@type":"ListItem","position":2,"name":"Shop","item":"https:\/\/www.foebus.store\/shop\/"},{"@type":"ListItem","position":3,"name":"Stahlmeisterd\u00fcbel"}]},{"@type":"WebSite","@id":"https:\/\/www.foebus.store\/#website","url":"https:\/\/www.foebus.store\/","name":"F\u00f6bus","description":"Welcome to the World of Foundry &amp; Patternmaking Supply.","publisher":{"@id":"https:\/\/www.foebus.store\/#organization"},"potentialAction":[{"@type":"SearchAction","target":{"@type":"EntryPoint","urlTemplate":"https:\/\/www.foebus.store\/?s={search_term_string}"},"query-input":{"@type":"PropertyValueSpecification","valueRequired":true,"valueName":"search_term_string"}}],"inLanguage":"fr-FR"},{"@type":"Organization","@id":"https:\/\/www.foebus.store\/#organization","name":"Ludwig F\u00f6bus GmbH & Co KG","url":"https:\/\/www.foebus.store\/","logo":{"@type":"ImageObject","inLanguage":"fr-FR","@id":"https:\/\/www.foebus.store\/#\/schema\/logo\/image\/","url":"https:\/\/www.foebus.de\/wp-content\/uploads\/2019\/01\/cropped-image004-1.png","contentUrl":"https:\/\/www.foebus.de\/wp-content\/uploads\/2019\/01\/cropped-image004-1.png","width":432,"height":187,"caption":"Ludwig F\u00f6bus GmbH & Co KG"},"image":{"@id":"https:\/\/www.foebus.store\/#\/schema\/logo\/image\/"}}]}},"jetpack_sharing_enabled":true,"_links":{"self":[{"href":"https:\/\/www.foebus.de\/fr\/wp-json\/wp\/v2\/product\/14662","targetHints":{"allow":["GET"]}}],"collection":[{"href":"https:\/\/www.foebus.de\/fr\/wp-json\/wp\/v2\/product"}],"about":[{"href":"https:\/\/www.foebus.de\/fr\/wp-json\/wp\/v2\/types\/product"}],"wp:featuredmedia":[{"embeddable":true,"href":"https:\/\/www.foebus.de\/fr\/wp-json\/wp\/v2\/media\/18749"}],"wp:attachment":[{"href":"https:\/\/www.foebus.de\/fr\/wp-json\/wp\/v2\/media?parent=14662"}],"wp:term":[{"taxonomy":"product_brand","embeddable":true,"href":"https:\/\/www.foebus.de\/fr\/wp-json\/wp\/v2\/product_brand?post=14662"},{"taxonomy":"product_cat","embeddable":true,"href":"https:\/\/www.foebus.de\/fr\/wp-json\/wp\/v2\/product_cat?post=14662"},{"taxonomy":"product_tag","embeddable":true,"href":"https:\/\/www.foebus.de\/fr\/wp-json\/wp\/v2\/product_tag?post=14662"}],"curies":[{"name":"wp","href":"https:\/\/api.w.org\/{rel}","templated":true}]}}