{"id":13616,"date":"2023-10-20T09:53:43","date_gmt":"2023-10-20T07:53:43","guid":{"rendered":"https:\/\/www.foebus.store\/?post_type=product&#038;p=13616"},"modified":"2025-12-18T09:12:58","modified_gmt":"2025-12-18T08:12:58","slug":"gl1200ws5","status":"publish","type":"product","link":"https:\/\/www.foebus.de\/fr\/produit\/gl1200ws5\/","title":{"rendered":"Gie\u00dfl\u00f6ffel Typ 1200 Qualit\u00e4t 3 ; Wandst\u00e4rke 5mm"},"content":{"rendered":"<p style=\"text-align: center; font-size: 115%;\"><strong>Grundlegende Anwendungsvorgabe:<\/strong><\/p>\n<p style=\"text-align: center; font-size: 110%;\">Um lange Standzeiten zu erreichen, muss der Gie\u00dfl\u00f6ffel bei jedem Einsatz vollst\u00e4ndig und gut geschlichtet sein.<br \/>\nUm einer Entkohlung und der damit verbundenen Verspr\u00f6dung und Rissbildung entgegen zu wirken, sollte das Werkzeug im Gebrauch mehrfach in kaltem Wasser abgeschreckt werden.<\/p>\n<p style=\"text-align: center; font-size: 115%;\"><strong><img fetchpriority=\"high\" decoding=\"async\" class=\"aligncenter wp-image-13617\" src=\"https:\/\/www.foebus.de\/wp-content\/uploads\/2023\/10\/Uebersicht-Giessloeffel-Typ-1200-Q3_5mm.png\" alt=\"\" width=\"735\" height=\"664\" srcset=\"https:\/\/www.foebus.de\/wp-content\/uploads\/2023\/10\/Uebersicht-Giessloeffel-Typ-1200-Q3_5mm.png 723w, https:\/\/www.foebus.de\/wp-content\/uploads\/2023\/10\/Uebersicht-Giessloeffel-Typ-1200-Q3_5mm-196x177.png 196w, https:\/\/www.foebus.de\/wp-content\/uploads\/2023\/10\/Uebersicht-Giessloeffel-Typ-1200-Q3_5mm-300x271.png 300w, https:\/\/www.foebus.de\/wp-content\/uploads\/2023\/10\/Uebersicht-Giessloeffel-Typ-1200-Q3_5mm-13x12.png 13w\" sizes=\"(max-width: 735px) 100vw, 735px\" \/><\/strong><\/p>\n<p>&nbsp;<\/p>\n<p><a href=\"https:\/\/www.foebus.de\/fr\/produit\/giessloeffel\/\">Zur\u00fcck zur \u00dcbersicht<\/a><\/p>","protected":false},"excerpt":{"rendered":"<p>Grundlegende Anwendungsvorgabe: Um lange Standzeiten zu erreichen, muss der Gie\u00dfl\u00f6ffel bei jedem Einsatz vollst\u00e4ndig und gut geschlichtet sein. Um einer Entkohlung und der damit verbundenen Verspr\u00f6dung und Rissbildung entgegen zu wirken, sollte das Werkzeug im Gebrauch mehrfach in kaltem Wasser abgeschreckt werden. &nbsp; Zur\u00fcck zur \u00dcbersicht<\/p>","protected":false},"featured_media":13619,"template":"","meta":{"ocean_post_layout":"","ocean_both_sidebars_style":"","ocean_both_sidebars_content_width":0,"ocean_both_sidebars_sidebars_width":0,"ocean_sidebar":"0","ocean_second_sidebar":"0","ocean_disable_margins":"enable","ocean_add_body_class":"","ocean_shortcode_before_top_bar":"","ocean_shortcode_after_top_bar":"","ocean_shortcode_before_header":"","ocean_shortcode_after_header":"","ocean_has_shortcode":"","ocean_shortcode_after_title":"","ocean_shortcode_before_footer_widgets":"","ocean_shortcode_after_footer_widgets":"","ocean_shortcode_before_footer_bottom":"","ocean_shortcode_after_footer_bottom":"","ocean_display_top_bar":"default","ocean_display_header":"default","ocean_header_style":"","ocean_center_header_left_menu":"0","ocean_custom_header_template":"0","ocean_custom_logo":0,"ocean_custom_retina_logo":0,"ocean_custom_logo_max_width":0,"ocean_custom_logo_tablet_max_width":0,"ocean_custom_logo_mobile_max_width":0,"ocean_custom_logo_max_height":0,"ocean_custom_logo_tablet_max_height":0,"ocean_custom_logo_mobile_max_height":0,"ocean_header_custom_menu":"0","ocean_menu_typo_font_family":"0","ocean_menu_typo_font_subset":"","ocean_menu_typo_font_size":0,"ocean_menu_typo_font_size_tablet":0,"ocean_menu_typo_font_size_mobile":0,"ocean_menu_typo_font_size_unit":"px","ocean_menu_typo_font_weight":"","ocean_menu_typo_font_weight_tablet":"","ocean_menu_typo_font_weight_mobile":"","ocean_menu_typo_transform":"","ocean_menu_typo_transform_tablet":"","ocean_menu_typo_transform_mobile":"","ocean_menu_typo_line_height":0,"ocean_menu_typo_line_height_tablet":0,"ocean_menu_typo_line_height_mobile":0,"ocean_menu_typo_line_height_unit":"","ocean_menu_typo_spacing":0,"ocean_menu_typo_spacing_tablet":0,"ocean_menu_typo_spacing_mobile":0,"ocean_menu_typo_spacing_unit":"","ocean_menu_link_color":"","ocean_menu_link_color_hover":"","ocean_menu_link_color_active":"","ocean_menu_link_background":"","ocean_menu_link_hover_background":"","ocean_menu_link_active_background":"","ocean_menu_social_links_bg":"","ocean_menu_social_hover_links_bg":"","ocean_menu_social_links_color":"","ocean_menu_social_hover_links_color":"","ocean_disable_title":"default","ocean_disable_heading":"default","ocean_post_title":"","ocean_post_subheading":"","ocean_post_title_style":"","ocean_post_title_background_color":"","ocean_post_title_background":0,"ocean_post_title_bg_image_position":"","ocean_post_title_bg_image_attachment":"","ocean_post_title_bg_image_repeat":"","ocean_post_title_bg_image_size":"","ocean_post_title_height":0,"ocean_post_title_bg_overlay":0.5,"ocean_post_title_bg_overlay_color":"","ocean_disable_breadcrumbs":"default","ocean_breadcrumbs_color":"","ocean_breadcrumbs_separator_color":"","ocean_breadcrumbs_links_color":"","ocean_breadcrumbs_links_hover_color":"","ocean_display_footer_widgets":"default","ocean_display_footer_bottom":"default","ocean_custom_footer_template":"0"},"product_brand":[],"product_cat":[79],"product_tag":[],"class_list":{"0":"post-13616","1":"product","2":"type-product","3":"status-publish","4":"has-post-thumbnail","6":"product_cat-giessereiwerkzeuge","8":"entry","9":"has-media","11":"first","12":"instock","13":"shipping-taxable","14":"product-type-simple","15":"has-product-nav","16":"col","17":"span_1_of_3","18":"owp-content-center","19":"owp-thumbs-layout-horizontal","20":"owp-btn-normal","21":"owp-tabs-layout-horizontal","22":"has-no-thumbnails"},"yoast_head":"<!-- This site is optimized with the Yoast SEO plugin v27.4 - https:\/\/yoast.com\/product\/yoast-seo-wordpress\/ -->\n<title>Gie\u00dfl\u00f6ffel Typ 1200 Qualit\u00e4t 3 ; Wandst\u00e4rke 5mm - F\u00f6bus<\/title>\n<meta name=\"robots\" content=\"index, follow, max-snippet:-1, max-image-preview:large, max-video-preview:-1\" \/>\n<link rel=\"canonical\" href=\"https:\/\/www.foebus.de\/fr\/produit\/GL1200ws5\/\" \/>\n<meta name=\"twitter:card\" content=\"summary_large_image\" \/>\n<meta name=\"twitter:title\" content=\"Gie\u00dfl\u00f6ffel Typ 1200 Qualit\u00e4t 3 ; Wandst\u00e4rke 5mm - F\u00f6bus\" \/>\n<meta name=\"twitter:description\" content=\"Grundlegende Anwendungsvorgabe: Um lange Standzeiten zu erreichen, muss der Gie\u00dfl\u00f6ffel bei jedem Einsatz vollst\u00e4ndig und gut geschlichtet sein. Um einer Entkohlung und der damit verbundenen Verspr\u00f6dung und Rissbildung entgegen zu wirken, sollte das Werkzeug im Gebrauch mehrfach in kaltem Wasser abgeschreckt werden. &nbsp; Zur\u00fcck zur \u00dcbersicht\" \/>\n<meta name=\"twitter:image\" content=\"https:\/\/www.foebus.de\/wp-content\/uploads\/2023\/10\/Screenshot-2023-10-20-085759-1.png\" \/>\n<meta name=\"twitter:label1\" content=\"Dur\u00e9e de lecture estim\u00e9e\" \/>\n\t<meta name=\"twitter:data1\" content=\"1 minute\" \/>\n<script type=\"application\/ld+json\" class=\"yoast-schema-graph\">{\"@context\":\"https:\\\/\\\/schema.org\",\"@graph\":[{\"@type\":\"WebPage\",\"@id\":\"https:\\\/\\\/www.foebus.de\\\/produkt\\\/gl1200ws5\\\/\",\"url\":\"https:\\\/\\\/www.foebus.de\\\/produkt\\\/GL1200ws5\\\/\",\"name\":\"Gie\u00dfl\u00f6ffel Typ 1200 Qualit\u00e4t 3 ; Wandst\u00e4rke 5mm - F\u00f6bus\",\"isPartOf\":{\"@id\":\"https:\\\/\\\/www.foebus.store\\\/#website\"},\"primaryImageOfPage\":{\"@id\":\"https:\\\/\\\/www.foebus.de\\\/produkt\\\/GL1200ws5\\\/#primaryimage\"},\"image\":{\"@id\":\"https:\\\/\\\/www.foebus.de\\\/produkt\\\/GL1200ws5\\\/#primaryimage\"},\"thumbnailUrl\":\"https:\\\/\\\/www.foebus.de\\\/wp-content\\\/uploads\\\/2023\\\/10\\\/Screenshot-2023-10-20-085759-1.png\",\"datePublished\":\"2023-10-20T07:53:43+00:00\",\"dateModified\":\"2025-12-18T08:12:58+00:00\",\"breadcrumb\":{\"@id\":\"https:\\\/\\\/www.foebus.de\\\/produkt\\\/GL1200ws5\\\/#breadcrumb\"},\"inLanguage\":\"fr-FR\",\"potentialAction\":[{\"@type\":\"ReadAction\",\"target\":[\"https:\\\/\\\/www.foebus.de\\\/produkt\\\/GL1200ws5\\\/\"]}]},{\"@type\":\"ImageObject\",\"inLanguage\":\"fr-FR\",\"@id\":\"https:\\\/\\\/www.foebus.de\\\/produkt\\\/GL1200ws5\\\/#primaryimage\",\"url\":\"https:\\\/\\\/www.foebus.de\\\/wp-content\\\/uploads\\\/2023\\\/10\\\/Screenshot-2023-10-20-085759-1.png\",\"contentUrl\":\"https:\\\/\\\/www.foebus.de\\\/wp-content\\\/uploads\\\/2023\\\/10\\\/Screenshot-2023-10-20-085759-1.png\",\"width\":250,\"height\":242},{\"@type\":\"BreadcrumbList\",\"@id\":\"https:\\\/\\\/www.foebus.de\\\/produkt\\\/GL1200ws5\\\/#breadcrumb\",\"itemListElement\":[{\"@type\":\"ListItem\",\"position\":1,\"name\":\"Home\",\"item\":\"https:\\\/\\\/www.foebus.de\\\/\"},{\"@type\":\"ListItem\",\"position\":2,\"name\":\"Shop\",\"item\":\"https:\\\/\\\/www.foebus.store\\\/shop\\\/\"},{\"@type\":\"ListItem\",\"position\":3,\"name\":\"Gie\u00dfl\u00f6ffel Typ 1200 Qualit\u00e4t 3 ; Wandst\u00e4rke 5mm\"}]},{\"@type\":\"WebSite\",\"@id\":\"https:\\\/\\\/www.foebus.store\\\/#website\",\"url\":\"https:\\\/\\\/www.foebus.store\\\/\",\"name\":\"F\u00f6bus\",\"description\":\"Welcome to the World of Foundry &amp; Patternmaking Supply.\",\"publisher\":{\"@id\":\"https:\\\/\\\/www.foebus.store\\\/#organization\"},\"potentialAction\":[{\"@type\":\"SearchAction\",\"target\":{\"@type\":\"EntryPoint\",\"urlTemplate\":\"https:\\\/\\\/www.foebus.store\\\/?s={search_term_string}\"},\"query-input\":{\"@type\":\"PropertyValueSpecification\",\"valueRequired\":true,\"valueName\":\"search_term_string\"}}],\"inLanguage\":\"fr-FR\"},{\"@type\":\"Organization\",\"@id\":\"https:\\\/\\\/www.foebus.store\\\/#organization\",\"name\":\"Ludwig F\u00f6bus GmbH & Co KG\",\"url\":\"https:\\\/\\\/www.foebus.store\\\/\",\"logo\":{\"@type\":\"ImageObject\",\"inLanguage\":\"fr-FR\",\"@id\":\"https:\\\/\\\/www.foebus.store\\\/#\\\/schema\\\/logo\\\/image\\\/\",\"url\":\"https:\\\/\\\/www.foebus.de\\\/wp-content\\\/uploads\\\/2019\\\/01\\\/cropped-image004-1.png\",\"contentUrl\":\"https:\\\/\\\/www.foebus.de\\\/wp-content\\\/uploads\\\/2019\\\/01\\\/cropped-image004-1.png\",\"width\":432,\"height\":187,\"caption\":\"Ludwig F\u00f6bus GmbH & Co KG\"},\"image\":{\"@id\":\"https:\\\/\\\/www.foebus.store\\\/#\\\/schema\\\/logo\\\/image\\\/\"}}]}<\/script>\n<!-- \/ Yoast SEO plugin. -->","yoast_head_json":{"title":"Gie\u00dfl\u00f6ffel Typ 1200 Qualit\u00e4t 3 ; Wandst\u00e4rke 5mm - F\u00f6bus","robots":{"index":"index","follow":"follow","max-snippet":"max-snippet:-1","max-image-preview":"max-image-preview:large","max-video-preview":"max-video-preview:-1"},"canonical":"https:\/\/www.foebus.de\/fr\/produit\/GL1200ws5\/","twitter_card":"summary_large_image","twitter_title":"Gie\u00dfl\u00f6ffel Typ 1200 Qualit\u00e4t 3 ; Wandst\u00e4rke 5mm - F\u00f6bus","twitter_description":"Grundlegende Anwendungsvorgabe: Um lange Standzeiten zu erreichen, muss der Gie\u00dfl\u00f6ffel bei jedem Einsatz vollst\u00e4ndig und gut geschlichtet sein. Um einer Entkohlung und der damit verbundenen Verspr\u00f6dung und Rissbildung entgegen zu wirken, sollte das Werkzeug im Gebrauch mehrfach in kaltem Wasser abgeschreckt werden. &nbsp; Zur\u00fcck zur \u00dcbersicht","twitter_image":"https:\/\/www.foebus.de\/wp-content\/uploads\/2023\/10\/Screenshot-2023-10-20-085759-1.png","twitter_misc":{"Dur\u00e9e de lecture estim\u00e9e":"1 minute"},"schema":{"@context":"https:\/\/schema.org","@graph":[{"@type":"WebPage","@id":"https:\/\/www.foebus.de\/produkt\/gl1200ws5\/","url":"https:\/\/www.foebus.de\/produkt\/GL1200ws5\/","name":"Gie\u00dfl\u00f6ffel Typ 1200 Qualit\u00e4t 3 ; Wandst\u00e4rke 5mm - F\u00f6bus","isPartOf":{"@id":"https:\/\/www.foebus.store\/#website"},"primaryImageOfPage":{"@id":"https:\/\/www.foebus.de\/produkt\/GL1200ws5\/#primaryimage"},"image":{"@id":"https:\/\/www.foebus.de\/produkt\/GL1200ws5\/#primaryimage"},"thumbnailUrl":"https:\/\/www.foebus.de\/wp-content\/uploads\/2023\/10\/Screenshot-2023-10-20-085759-1.png","datePublished":"2023-10-20T07:53:43+00:00","dateModified":"2025-12-18T08:12:58+00:00","breadcrumb":{"@id":"https:\/\/www.foebus.de\/produkt\/GL1200ws5\/#breadcrumb"},"inLanguage":"fr-FR","potentialAction":[{"@type":"ReadAction","target":["https:\/\/www.foebus.de\/produkt\/GL1200ws5\/"]}]},{"@type":"ImageObject","inLanguage":"fr-FR","@id":"https:\/\/www.foebus.de\/produkt\/GL1200ws5\/#primaryimage","url":"https:\/\/www.foebus.de\/wp-content\/uploads\/2023\/10\/Screenshot-2023-10-20-085759-1.png","contentUrl":"https:\/\/www.foebus.de\/wp-content\/uploads\/2023\/10\/Screenshot-2023-10-20-085759-1.png","width":250,"height":242},{"@type":"BreadcrumbList","@id":"https:\/\/www.foebus.de\/produkt\/GL1200ws5\/#breadcrumb","itemListElement":[{"@type":"ListItem","position":1,"name":"Home","item":"https:\/\/www.foebus.de\/"},{"@type":"ListItem","position":2,"name":"Shop","item":"https:\/\/www.foebus.store\/shop\/"},{"@type":"ListItem","position":3,"name":"Gie\u00dfl\u00f6ffel Typ 1200 Qualit\u00e4t 3 ; Wandst\u00e4rke 5mm"}]},{"@type":"WebSite","@id":"https:\/\/www.foebus.store\/#website","url":"https:\/\/www.foebus.store\/","name":"F\u00f6bus","description":"Welcome to the World of Foundry &amp; Patternmaking Supply.","publisher":{"@id":"https:\/\/www.foebus.store\/#organization"},"potentialAction":[{"@type":"SearchAction","target":{"@type":"EntryPoint","urlTemplate":"https:\/\/www.foebus.store\/?s={search_term_string}"},"query-input":{"@type":"PropertyValueSpecification","valueRequired":true,"valueName":"search_term_string"}}],"inLanguage":"fr-FR"},{"@type":"Organization","@id":"https:\/\/www.foebus.store\/#organization","name":"Ludwig F\u00f6bus GmbH & Co KG","url":"https:\/\/www.foebus.store\/","logo":{"@type":"ImageObject","inLanguage":"fr-FR","@id":"https:\/\/www.foebus.store\/#\/schema\/logo\/image\/","url":"https:\/\/www.foebus.de\/wp-content\/uploads\/2019\/01\/cropped-image004-1.png","contentUrl":"https:\/\/www.foebus.de\/wp-content\/uploads\/2019\/01\/cropped-image004-1.png","width":432,"height":187,"caption":"Ludwig F\u00f6bus GmbH & Co KG"},"image":{"@id":"https:\/\/www.foebus.store\/#\/schema\/logo\/image\/"}}]}},"jetpack_sharing_enabled":true,"_links":{"self":[{"href":"https:\/\/www.foebus.de\/fr\/wp-json\/wp\/v2\/product\/13616","targetHints":{"allow":["GET"]}}],"collection":[{"href":"https:\/\/www.foebus.de\/fr\/wp-json\/wp\/v2\/product"}],"about":[{"href":"https:\/\/www.foebus.de\/fr\/wp-json\/wp\/v2\/types\/product"}],"wp:featuredmedia":[{"embeddable":true,"href":"https:\/\/www.foebus.de\/fr\/wp-json\/wp\/v2\/media\/13619"}],"wp:attachment":[{"href":"https:\/\/www.foebus.de\/fr\/wp-json\/wp\/v2\/media?parent=13616"}],"wp:term":[{"taxonomy":"product_brand","embeddable":true,"href":"https:\/\/www.foebus.de\/fr\/wp-json\/wp\/v2\/product_brand?post=13616"},{"taxonomy":"product_cat","embeddable":true,"href":"https:\/\/www.foebus.de\/fr\/wp-json\/wp\/v2\/product_cat?post=13616"},{"taxonomy":"product_tag","embeddable":true,"href":"https:\/\/www.foebus.de\/fr\/wp-json\/wp\/v2\/product_tag?post=13616"}],"curies":[{"name":"wp","href":"https:\/\/api.w.org\/{rel}","templated":true}]}}