{"id":13523,"date":"2023-10-18T12:14:37","date_gmt":"2023-10-18T10:14:37","guid":{"rendered":"https:\/\/www.foebus.store\/?post_type=product&#038;p=13523"},"modified":"2024-04-15T09:29:52","modified_gmt":"2024-04-15T07:29:52","slug":"gl1205q1","status":"publish","type":"product","link":"https:\/\/www.foebus.de\/es\/producto\/gl1205q1\/","title":{"rendered":"Gie\u00dfl\u00f6ffel Typ 1205 Qualit\u00e4t 1"},"content":{"rendered":"<p style=\"text-align: center; font-size: 115%;\"><strong>Grundlegende Anwendungsvorgabe:<\/strong><\/p>\n<p style=\"text-align: center; font-size: 110%;\">Um lange Standzeiten zu erreichen, muss der Gie\u00dfl\u00f6ffel bei jedem Einsatz vollst\u00e4ndig und gut geschlichtet sein.<br \/>\nUm einer Entkohlung und der damit verbundenen Verspr\u00f6dung und Rissbildung entgegen zu wirken, sollte das Werkzeug im Gebrauch mehrfach in kaltem Wasser abgeschreckt werden.<img fetchpriority=\"high\" decoding=\"async\" class=\"wp-image-13524 size-full aligncenter\" src=\"https:\/\/www.foebus.de\/wp-content\/uploads\/2023\/10\/Giessloeffel-Typ-1205_Q1.png\" alt=\"\" width=\"1010\" height=\"494\" srcset=\"https:\/\/www.foebus.de\/wp-content\/uploads\/2023\/10\/Giessloeffel-Typ-1205_Q1.png 1010w, https:\/\/www.foebus.de\/wp-content\/uploads\/2023\/10\/Giessloeffel-Typ-1205_Q1-196x96.png 196w, https:\/\/www.foebus.de\/wp-content\/uploads\/2023\/10\/Giessloeffel-Typ-1205_Q1-300x147.png 300w, https:\/\/www.foebus.de\/wp-content\/uploads\/2023\/10\/Giessloeffel-Typ-1205_Q1-768x376.png 768w, https:\/\/www.foebus.de\/wp-content\/uploads\/2023\/10\/Giessloeffel-Typ-1205_Q1-18x9.png 18w\" sizes=\"(max-width: 1010px) 100vw, 1010px\" \/><\/p>\n<p><a href=\"https:\/\/www.foebus.de\/es\/producto\/giessloeffel\/\">Zur\u00fcck zur \u00dcbersicht<\/a><\/p>","protected":false},"excerpt":{"rendered":"<p>Grundlegende Anwendungsvorgabe: Um lange Standzeiten zu erreichen, muss der Gie\u00dfl\u00f6ffel bei jedem Einsatz vollst\u00e4ndig und gut geschlichtet sein. Um einer Entkohlung und der damit verbundenen Verspr\u00f6dung und Rissbildung entgegen zu wirken, sollte das Werkzeug im Gebrauch mehrfach in kaltem Wasser abgeschreckt werden. Zur\u00fcck zur \u00dcbersicht<\/p>","protected":false},"featured_media":13618,"template":"","meta":{"ocean_post_layout":"","ocean_both_sidebars_style":"","ocean_both_sidebars_content_width":0,"ocean_both_sidebars_sidebars_width":0,"ocean_sidebar":"0","ocean_second_sidebar":"0","ocean_disable_margins":"enable","ocean_add_body_class":"","ocean_shortcode_before_top_bar":"","ocean_shortcode_after_top_bar":"","ocean_shortcode_before_header":"","ocean_shortcode_after_header":"","ocean_has_shortcode":"","ocean_shortcode_after_title":"","ocean_shortcode_before_footer_widgets":"","ocean_shortcode_after_footer_widgets":"","ocean_shortcode_before_footer_bottom":"","ocean_shortcode_after_footer_bottom":"","ocean_display_top_bar":"default","ocean_display_header":"default","ocean_header_style":"","ocean_center_header_left_menu":"0","ocean_custom_header_template":"0","ocean_custom_logo":0,"ocean_custom_retina_logo":0,"ocean_custom_logo_max_width":0,"ocean_custom_logo_tablet_max_width":0,"ocean_custom_logo_mobile_max_width":0,"ocean_custom_logo_max_height":0,"ocean_custom_logo_tablet_max_height":0,"ocean_custom_logo_mobile_max_height":0,"ocean_header_custom_menu":"0","ocean_menu_typo_font_family":"0","ocean_menu_typo_font_subset":"","ocean_menu_typo_font_size":0,"ocean_menu_typo_font_size_tablet":0,"ocean_menu_typo_font_size_mobile":0,"ocean_menu_typo_font_size_unit":"px","ocean_menu_typo_font_weight":"","ocean_menu_typo_font_weight_tablet":"","ocean_menu_typo_font_weight_mobile":"","ocean_menu_typo_transform":"","ocean_menu_typo_transform_tablet":"","ocean_menu_typo_transform_mobile":"","ocean_menu_typo_line_height":0,"ocean_menu_typo_line_height_tablet":0,"ocean_menu_typo_line_height_mobile":0,"ocean_menu_typo_line_height_unit":"","ocean_menu_typo_spacing":0,"ocean_menu_typo_spacing_tablet":0,"ocean_menu_typo_spacing_mobile":0,"ocean_menu_typo_spacing_unit":"","ocean_menu_link_color":"","ocean_menu_link_color_hover":"","ocean_menu_link_color_active":"","ocean_menu_link_background":"","ocean_menu_link_hover_background":"","ocean_menu_link_active_background":"","ocean_menu_social_links_bg":"","ocean_menu_social_hover_links_bg":"","ocean_menu_social_links_color":"","ocean_menu_social_hover_links_color":"","ocean_disable_title":"default","ocean_disable_heading":"default","ocean_post_title":"","ocean_post_subheading":"","ocean_post_title_style":"","ocean_post_title_background_color":"","ocean_post_title_background":0,"ocean_post_title_bg_image_position":"","ocean_post_title_bg_image_attachment":"","ocean_post_title_bg_image_repeat":"","ocean_post_title_bg_image_size":"","ocean_post_title_height":0,"ocean_post_title_bg_overlay":0.5,"ocean_post_title_bg_overlay_color":"","ocean_disable_breadcrumbs":"default","ocean_breadcrumbs_color":"","ocean_breadcrumbs_separator_color":"","ocean_breadcrumbs_links_color":"","ocean_breadcrumbs_links_hover_color":"","ocean_display_footer_widgets":"default","ocean_display_footer_bottom":"default","ocean_custom_footer_template":"0"},"product_brand":[],"product_cat":[79],"product_tag":[],"class_list":{"0":"post-13523","1":"product","2":"type-product","3":"status-publish","4":"has-post-thumbnail","6":"product_cat-giessereiwerkzeuge","8":"entry","9":"has-media","11":"first","12":"instock","13":"shipping-taxable","14":"product-type-simple","15":"has-product-nav","16":"col","17":"span_1_of_3","18":"owp-content-center","19":"owp-thumbs-layout-horizontal","20":"owp-btn-normal","21":"owp-tabs-layout-horizontal","22":"has-no-thumbnails"},"yoast_head":"<!-- This site is optimized with the Yoast SEO plugin v27.4 - https:\/\/yoast.com\/product\/yoast-seo-wordpress\/ -->\n<title>Gie\u00dfl\u00f6ffel Typ 1205 Qualit\u00e4t 1 - F\u00f6bus<\/title>\n<meta name=\"robots\" content=\"index, follow, max-snippet:-1, max-image-preview:large, max-video-preview:-1\" \/>\n<link rel=\"canonical\" href=\"https:\/\/www.foebus.de\/es\/producto\/gl1205q1\/\" \/>\n<meta name=\"twitter:card\" content=\"summary_large_image\" \/>\n<meta name=\"twitter:title\" content=\"Gie\u00dfl\u00f6ffel Typ 1205 Qualit\u00e4t 1 - F\u00f6bus\" \/>\n<meta name=\"twitter:description\" content=\"Grundlegende Anwendungsvorgabe: Um lange Standzeiten zu erreichen, muss der Gie\u00dfl\u00f6ffel bei jedem Einsatz vollst\u00e4ndig und gut geschlichtet sein. Um einer Entkohlung und der damit verbundenen Verspr\u00f6dung und Rissbildung entgegen zu wirken, sollte das Werkzeug im Gebrauch mehrfach in kaltem Wasser abgeschreckt werden. Zur\u00fcck zur \u00dcbersicht\" \/>\n<meta name=\"twitter:image\" content=\"https:\/\/www.foebus.de\/wp-content\/uploads\/2023\/10\/Screenshot-2023-10-20-085204-1.png\" \/>\n<meta name=\"twitter:label1\" content=\"Tiempo de lectura\" \/>\n\t<meta name=\"twitter:data1\" content=\"1 minuto\" \/>\n<script type=\"application\/ld+json\" class=\"yoast-schema-graph\">{\"@context\":\"https:\\\/\\\/schema.org\",\"@graph\":[{\"@type\":\"WebPage\",\"@id\":\"https:\\\/\\\/www.foebus.de\\\/produkt\\\/gl1205q1\\\/\",\"url\":\"https:\\\/\\\/www.foebus.de\\\/produkt\\\/gl1205q1\\\/\",\"name\":\"Gie\u00dfl\u00f6ffel Typ 1205 Qualit\u00e4t 1 - F\u00f6bus\",\"isPartOf\":{\"@id\":\"https:\\\/\\\/www.foebus.store\\\/#website\"},\"primaryImageOfPage\":{\"@id\":\"https:\\\/\\\/www.foebus.de\\\/produkt\\\/gl1205q1\\\/#primaryimage\"},\"image\":{\"@id\":\"https:\\\/\\\/www.foebus.de\\\/produkt\\\/gl1205q1\\\/#primaryimage\"},\"thumbnailUrl\":\"https:\\\/\\\/www.foebus.de\\\/wp-content\\\/uploads\\\/2023\\\/10\\\/Screenshot-2023-10-20-085204-1.png\",\"datePublished\":\"2023-10-18T10:14:37+00:00\",\"dateModified\":\"2024-04-15T07:29:52+00:00\",\"breadcrumb\":{\"@id\":\"https:\\\/\\\/www.foebus.de\\\/produkt\\\/gl1205q1\\\/#breadcrumb\"},\"inLanguage\":\"es\",\"potentialAction\":[{\"@type\":\"ReadAction\",\"target\":[\"https:\\\/\\\/www.foebus.de\\\/produkt\\\/gl1205q1\\\/\"]}]},{\"@type\":\"ImageObject\",\"inLanguage\":\"es\",\"@id\":\"https:\\\/\\\/www.foebus.de\\\/produkt\\\/gl1205q1\\\/#primaryimage\",\"url\":\"https:\\\/\\\/www.foebus.de\\\/wp-content\\\/uploads\\\/2023\\\/10\\\/Screenshot-2023-10-20-085204-1.png\",\"contentUrl\":\"https:\\\/\\\/www.foebus.de\\\/wp-content\\\/uploads\\\/2023\\\/10\\\/Screenshot-2023-10-20-085204-1.png\",\"width\":249,\"height\":248},{\"@type\":\"BreadcrumbList\",\"@id\":\"https:\\\/\\\/www.foebus.de\\\/produkt\\\/gl1205q1\\\/#breadcrumb\",\"itemListElement\":[{\"@type\":\"ListItem\",\"position\":1,\"name\":\"Home\",\"item\":\"https:\\\/\\\/www.foebus.de\\\/\"},{\"@type\":\"ListItem\",\"position\":2,\"name\":\"Shop\",\"item\":\"https:\\\/\\\/www.foebus.store\\\/shop\\\/\"},{\"@type\":\"ListItem\",\"position\":3,\"name\":\"Gie\u00dfl\u00f6ffel Typ 1205 Qualit\u00e4t 1\"}]},{\"@type\":\"WebSite\",\"@id\":\"https:\\\/\\\/www.foebus.store\\\/#website\",\"url\":\"https:\\\/\\\/www.foebus.store\\\/\",\"name\":\"F\u00f6bus\",\"description\":\"Welcome to the World of Foundry &amp; Patternmaking Supply.\",\"publisher\":{\"@id\":\"https:\\\/\\\/www.foebus.store\\\/#organization\"},\"potentialAction\":[{\"@type\":\"SearchAction\",\"target\":{\"@type\":\"EntryPoint\",\"urlTemplate\":\"https:\\\/\\\/www.foebus.store\\\/?s={search_term_string}\"},\"query-input\":{\"@type\":\"PropertyValueSpecification\",\"valueRequired\":true,\"valueName\":\"search_term_string\"}}],\"inLanguage\":\"es\"},{\"@type\":\"Organization\",\"@id\":\"https:\\\/\\\/www.foebus.store\\\/#organization\",\"name\":\"Ludwig F\u00f6bus GmbH & Co KG\",\"url\":\"https:\\\/\\\/www.foebus.store\\\/\",\"logo\":{\"@type\":\"ImageObject\",\"inLanguage\":\"es\",\"@id\":\"https:\\\/\\\/www.foebus.store\\\/#\\\/schema\\\/logo\\\/image\\\/\",\"url\":\"https:\\\/\\\/www.foebus.de\\\/wp-content\\\/uploads\\\/2019\\\/01\\\/cropped-image004-1.png\",\"contentUrl\":\"https:\\\/\\\/www.foebus.de\\\/wp-content\\\/uploads\\\/2019\\\/01\\\/cropped-image004-1.png\",\"width\":432,\"height\":187,\"caption\":\"Ludwig F\u00f6bus GmbH & Co KG\"},\"image\":{\"@id\":\"https:\\\/\\\/www.foebus.store\\\/#\\\/schema\\\/logo\\\/image\\\/\"}}]}<\/script>\n<!-- \/ Yoast SEO plugin. -->","yoast_head_json":{"title":"Gie\u00dfl\u00f6ffel Typ 1205 Qualit\u00e4t 1 - F\u00f6bus","robots":{"index":"index","follow":"follow","max-snippet":"max-snippet:-1","max-image-preview":"max-image-preview:large","max-video-preview":"max-video-preview:-1"},"canonical":"https:\/\/www.foebus.de\/es\/producto\/gl1205q1\/","twitter_card":"summary_large_image","twitter_title":"Gie\u00dfl\u00f6ffel Typ 1205 Qualit\u00e4t 1 - F\u00f6bus","twitter_description":"Grundlegende Anwendungsvorgabe: Um lange Standzeiten zu erreichen, muss der Gie\u00dfl\u00f6ffel bei jedem Einsatz vollst\u00e4ndig und gut geschlichtet sein. Um einer Entkohlung und der damit verbundenen Verspr\u00f6dung und Rissbildung entgegen zu wirken, sollte das Werkzeug im Gebrauch mehrfach in kaltem Wasser abgeschreckt werden. Zur\u00fcck zur \u00dcbersicht","twitter_image":"https:\/\/www.foebus.de\/wp-content\/uploads\/2023\/10\/Screenshot-2023-10-20-085204-1.png","twitter_misc":{"Tiempo de lectura":"1 minuto"},"schema":{"@context":"https:\/\/schema.org","@graph":[{"@type":"WebPage","@id":"https:\/\/www.foebus.de\/produkt\/gl1205q1\/","url":"https:\/\/www.foebus.de\/produkt\/gl1205q1\/","name":"Gie\u00dfl\u00f6ffel Typ 1205 Qualit\u00e4t 1 - F\u00f6bus","isPartOf":{"@id":"https:\/\/www.foebus.store\/#website"},"primaryImageOfPage":{"@id":"https:\/\/www.foebus.de\/produkt\/gl1205q1\/#primaryimage"},"image":{"@id":"https:\/\/www.foebus.de\/produkt\/gl1205q1\/#primaryimage"},"thumbnailUrl":"https:\/\/www.foebus.de\/wp-content\/uploads\/2023\/10\/Screenshot-2023-10-20-085204-1.png","datePublished":"2023-10-18T10:14:37+00:00","dateModified":"2024-04-15T07:29:52+00:00","breadcrumb":{"@id":"https:\/\/www.foebus.de\/produkt\/gl1205q1\/#breadcrumb"},"inLanguage":"es","potentialAction":[{"@type":"ReadAction","target":["https:\/\/www.foebus.de\/produkt\/gl1205q1\/"]}]},{"@type":"ImageObject","inLanguage":"es","@id":"https:\/\/www.foebus.de\/produkt\/gl1205q1\/#primaryimage","url":"https:\/\/www.foebus.de\/wp-content\/uploads\/2023\/10\/Screenshot-2023-10-20-085204-1.png","contentUrl":"https:\/\/www.foebus.de\/wp-content\/uploads\/2023\/10\/Screenshot-2023-10-20-085204-1.png","width":249,"height":248},{"@type":"BreadcrumbList","@id":"https:\/\/www.foebus.de\/produkt\/gl1205q1\/#breadcrumb","itemListElement":[{"@type":"ListItem","position":1,"name":"Home","item":"https:\/\/www.foebus.de\/"},{"@type":"ListItem","position":2,"name":"Shop","item":"https:\/\/www.foebus.store\/shop\/"},{"@type":"ListItem","position":3,"name":"Gie\u00dfl\u00f6ffel Typ 1205 Qualit\u00e4t 1"}]},{"@type":"WebSite","@id":"https:\/\/www.foebus.store\/#website","url":"https:\/\/www.foebus.store\/","name":"F\u00f6bus","description":"Welcome to the World of Foundry &amp; Patternmaking Supply.","publisher":{"@id":"https:\/\/www.foebus.store\/#organization"},"potentialAction":[{"@type":"SearchAction","target":{"@type":"EntryPoint","urlTemplate":"https:\/\/www.foebus.store\/?s={search_term_string}"},"query-input":{"@type":"PropertyValueSpecification","valueRequired":true,"valueName":"search_term_string"}}],"inLanguage":"es"},{"@type":"Organization","@id":"https:\/\/www.foebus.store\/#organization","name":"Ludwig F\u00f6bus GmbH & Co KG","url":"https:\/\/www.foebus.store\/","logo":{"@type":"ImageObject","inLanguage":"es","@id":"https:\/\/www.foebus.store\/#\/schema\/logo\/image\/","url":"https:\/\/www.foebus.de\/wp-content\/uploads\/2019\/01\/cropped-image004-1.png","contentUrl":"https:\/\/www.foebus.de\/wp-content\/uploads\/2019\/01\/cropped-image004-1.png","width":432,"height":187,"caption":"Ludwig F\u00f6bus GmbH & Co KG"},"image":{"@id":"https:\/\/www.foebus.store\/#\/schema\/logo\/image\/"}}]}},"jetpack_sharing_enabled":true,"_links":{"self":[{"href":"https:\/\/www.foebus.de\/es\/wp-json\/wp\/v2\/product\/13523","targetHints":{"allow":["GET"]}}],"collection":[{"href":"https:\/\/www.foebus.de\/es\/wp-json\/wp\/v2\/product"}],"about":[{"href":"https:\/\/www.foebus.de\/es\/wp-json\/wp\/v2\/types\/product"}],"wp:featuredmedia":[{"embeddable":true,"href":"https:\/\/www.foebus.de\/es\/wp-json\/wp\/v2\/media\/13618"}],"wp:attachment":[{"href":"https:\/\/www.foebus.de\/es\/wp-json\/wp\/v2\/media?parent=13523"}],"wp:term":[{"taxonomy":"product_brand","embeddable":true,"href":"https:\/\/www.foebus.de\/es\/wp-json\/wp\/v2\/product_brand?post=13523"},{"taxonomy":"product_cat","embeddable":true,"href":"https:\/\/www.foebus.de\/es\/wp-json\/wp\/v2\/product_cat?post=13523"},{"taxonomy":"product_tag","embeddable":true,"href":"https:\/\/www.foebus.de\/es\/wp-json\/wp\/v2\/product_tag?post=13523"}],"curies":[{"name":"wp","href":"https:\/\/api.w.org\/{rel}","templated":true}]}}