{"id":15052,"date":"2024-03-27T15:09:51","date_gmt":"2024-03-27T14:09:51","guid":{"rendered":"https:\/\/www.foebus.store\/?post_type=product&#038;p=15052"},"modified":"2026-04-16T08:33:34","modified_gmt":"2026-04-16T06:33:34","slug":"eps-kernstuetzen","status":"publish","type":"product","link":"https:\/\/www.foebus.de\/en\/product\/eps-kernstuetzen\/","title":{"rendered":"EPS core support"},"content":{"rendered":"<p>We would like to show you the outstanding advantages of our self-adhesive core supports for aluminum sand casting as well as its properties and present our wide product range to it.<\/p>\n<p>Our core supports are made from the material EPS Polystyrene, which during the casting process will completely evaporate due to the hot aluminum, replacing the position of the support with the liquid metal. The result is a homogenous casting of absolute density and high quality.<br \/>\nDue to the very thin coating with our special adhesive, the core support can be fixed quickly and easily and therefore create a secure position of the core.<br \/>\nThe use of our core supports has already proven itself millions of times in the manufacture of many customers.<\/p>\n<p>we offer the following packing units from stock:<\/p>\n\n<table id=\"tablepress-34\" class=\"tablepress tablepress-id-34\">\n<thead>\n<tr class=\"row-1\">\n\t<th class=\"column-1\">Product No.<\/br>(enquiry)<\/th><th class=\"column-2\">\u00d8 (mm)<\/th><th class=\"column-3\">Height (mm)<\/th><td class=\"column-4\"><\/td><td class=\"column-5\"><\/td><th class=\"column-6\">MOQ<\/br>(pieces)<\/th><td class=\"column-7\"><\/td>\n<\/tr>\n<\/thead>\n<tbody class=\"row-striping row-hover\">\n<tr class=\"row-2\">\n\t<td class=\"column-1\">STK03S<\/td><td class=\"column-2\">12<\/td><td class=\"column-3\">3<\/td><td class=\"column-4\"><\/td><td class=\"column-5\"><\/td><td class=\"column-6\">4.680<\/td><td class=\"column-7\"><a href=\"https:\/\/www.foebus.de\/en\/product\/STK03S\/\">STK03S<\/a><\/td>\n<\/tr>\n<tr class=\"row-3\">\n\t<td class=\"column-1\">STK03,5S<\/td><td class=\"column-2\">12<\/td><td class=\"column-3\">3,5<\/td><td class=\"column-4\"><\/td><td class=\"column-5\"><\/td><td class=\"column-6\">3.952<\/td><td class=\"column-7\"><a href=\"https:\/\/www.foebus.de\/en\/product\/STK03,5S\/\">STK03,5S<\/a><\/td>\n<\/tr>\n<tr class=\"row-4\">\n\t<td class=\"column-1\">STK04S<\/td><td class=\"column-2\">12<\/td><td class=\"column-3\">4<\/td><td class=\"column-4\"><\/td><td class=\"column-5\"><\/td><td class=\"column-6\">3.536<\/td><td class=\"column-7\"><a href=\"https:\/\/www.foebus.de\/en\/product\/STK04S\/\">STK04S<\/a><\/td>\n<\/tr>\n<tr class=\"row-5\">\n\t<td class=\"column-1\">STK05S<\/td><td class=\"column-2\">12<\/td><td class=\"column-3\">5<\/td><td class=\"column-4\"><\/td><td class=\"column-5\"><\/td><td class=\"column-6\">2.808<\/td><td class=\"column-7\"><a href=\"https:\/\/www.foebus.de\/en\/product\/STK05S\/\">STK05S<\/a><\/td>\n<\/tr>\n<tr class=\"row-6\">\n\t<td class=\"column-1\">STK05,5S<\/td><td class=\"column-2\">12<\/td><td class=\"column-3\">5,5<\/td><td class=\"column-4\"><\/td><td class=\"column-5\"><\/td><td class=\"column-6\">2.600<\/td><td class=\"column-7\"><a href=\"https:\/\/www.foebus.de\/en\/product\/STK05,5S\/\">STK05,5S<\/a><\/td>\n<\/tr>\n<tr class=\"row-7\">\n\t<td class=\"column-1\">STK06S<\/td><td class=\"column-2\">12<\/td><td class=\"column-3\">6<\/td><td class=\"column-4\"><\/td><td class=\"column-5\"><\/td><td class=\"column-6\">2.392<\/td><td class=\"column-7\"><a href=\"https:\/\/www.foebus.de\/en\/product\/STK06S\/\">STK06S<\/a><\/td>\n<\/tr>\n<tr class=\"row-8\">\n\t<td class=\"column-1\">STK07S<\/td><td class=\"column-2\">12<\/td><td class=\"column-3\">7<\/td><td class=\"column-4\"><\/td><td class=\"column-5\"><\/td><td class=\"column-6\">2.080<\/td><td class=\"column-7\"><a href=\"https:\/\/www.foebus.de\/en\/product\/STK07S\/\">STK07S<\/a><\/td>\n<\/tr>\n<tr class=\"row-9\">\n\t<td class=\"column-1\">STK08S<\/td><td class=\"column-2\">12<\/td><td class=\"column-3\">8<\/td><td class=\"column-4\"><\/td><td class=\"column-5\"><\/td><td class=\"column-6\">1.768<\/td><td class=\"column-7\"><a href=\"https:\/\/www.foebus.de\/en\/product\/STK08S\/\">STK08S<\/a><\/td>\n<\/tr>\n<tr class=\"row-10\">\n\t<td class=\"column-1\">STK09S<\/td><td class=\"column-2\">12<\/td><td class=\"column-3\">9<\/td><td class=\"column-4\"><\/td><td class=\"column-5\"><\/td><td class=\"column-6\">1.560<\/td><td class=\"column-7\"><a href=\"https:\/\/www.foebus.de\/en\/product\/STK09S\/\">STK09S<\/a><\/td>\n<\/tr>\n<tr class=\"row-11\">\n\t<td class=\"column-1\">STK10S<\/td><td class=\"column-2\">12<\/td><td class=\"column-3\">10<\/td><td class=\"column-4\"><\/td><td class=\"column-5\"><\/td><td class=\"column-6\">1.352<\/td><td class=\"column-7\"><a href=\"https:\/\/www.foebus.de\/en\/product\/STK10S\/\">STK10S<\/a><\/td>\n<\/tr>\n<\/tbody>\n<\/table>\n<!-- #tablepress-34 from cache -->","protected":false},"excerpt":{"rendered":"<p>Gerne m\u00f6chten wir Ihnen die herausragenden Vorteile und Eigenschaften unserer selbstklebenden Kernst\u00fctzen f\u00fcr Aluminiumsandguss aufzeigen, sowie unsere breite Produktpalette dazu vorstellen. Unsere Kernst\u00fctzen werden aus dem Material EPS Polystyrol hergestellt, welches sich beim Gie\u00dfvorgang durch das hei\u00dfe Aluminium vollst\u00e4ndig thermisch verfl\u00fcchtigt. Somit wird die St\u00fctze durch das fl\u00fcssige Metall ersetzt. Das Resultat ist ein homogener [&hellip;]<\/p>\n","protected":false},"featured_media":18331,"template":"","meta":{"ocean_post_layout":"","ocean_both_sidebars_style":"","ocean_both_sidebars_content_width":0,"ocean_both_sidebars_sidebars_width":0,"ocean_sidebar":"0","ocean_second_sidebar":"0","ocean_disable_margins":"enable","ocean_add_body_class":"","ocean_shortcode_before_top_bar":"","ocean_shortcode_after_top_bar":"","ocean_shortcode_before_header":"","ocean_shortcode_after_header":"","ocean_has_shortcode":"","ocean_shortcode_after_title":"","ocean_shortcode_before_footer_widgets":"","ocean_shortcode_after_footer_widgets":"","ocean_shortcode_before_footer_bottom":"","ocean_shortcode_after_footer_bottom":"","ocean_display_top_bar":"default","ocean_display_header":"default","ocean_header_style":"","ocean_center_header_left_menu":"0","ocean_custom_header_template":"0","ocean_custom_logo":0,"ocean_custom_retina_logo":0,"ocean_custom_logo_max_width":0,"ocean_custom_logo_tablet_max_width":0,"ocean_custom_logo_mobile_max_width":0,"ocean_custom_logo_max_height":0,"ocean_custom_logo_tablet_max_height":0,"ocean_custom_logo_mobile_max_height":0,"ocean_header_custom_menu":"0","ocean_menu_typo_font_family":"0","ocean_menu_typo_font_subset":"","ocean_menu_typo_font_size":0,"ocean_menu_typo_font_size_tablet":0,"ocean_menu_typo_font_size_mobile":0,"ocean_menu_typo_font_size_unit":"px","ocean_menu_typo_font_weight":"","ocean_menu_typo_font_weight_tablet":"","ocean_menu_typo_font_weight_mobile":"","ocean_menu_typo_transform":"","ocean_menu_typo_transform_tablet":"","ocean_menu_typo_transform_mobile":"","ocean_menu_typo_line_height":0,"ocean_menu_typo_line_height_tablet":0,"ocean_menu_typo_line_height_mobile":0,"ocean_menu_typo_line_height_unit":"","ocean_menu_typo_spacing":0,"ocean_menu_typo_spacing_tablet":0,"ocean_menu_typo_spacing_mobile":0,"ocean_menu_typo_spacing_unit":"","ocean_menu_link_color":"","ocean_menu_link_color_hover":"","ocean_menu_link_color_active":"","ocean_menu_link_background":"","ocean_menu_link_hover_background":"","ocean_menu_link_active_background":"","ocean_menu_social_links_bg":"","ocean_menu_social_hover_links_bg":"","ocean_menu_social_links_color":"","ocean_menu_social_hover_links_color":"","ocean_disable_title":"default","ocean_disable_heading":"default","ocean_post_title":"","ocean_post_subheading":"","ocean_post_title_style":"","ocean_post_title_background_color":"","ocean_post_title_background":0,"ocean_post_title_bg_image_position":"","ocean_post_title_bg_image_attachment":"","ocean_post_title_bg_image_repeat":"","ocean_post_title_bg_image_size":"","ocean_post_title_height":0,"ocean_post_title_bg_overlay":0.5,"ocean_post_title_bg_overlay_color":"","ocean_disable_breadcrumbs":"default","ocean_breadcrumbs_color":"","ocean_breadcrumbs_separator_color":"","ocean_breadcrumbs_links_color":"","ocean_breadcrumbs_links_hover_color":"","ocean_display_footer_widgets":"default","ocean_display_footer_bottom":"default","ocean_custom_footer_template":"0"},"product_brand":[],"product_cat":[93],"product_tag":[],"class_list":{"0":"post-15052","1":"product","2":"type-product","3":"status-publish","4":"has-post-thumbnail","6":"product_cat-kernstuetzen","8":"entry","9":"has-media","11":"first","12":"instock","13":"shipping-taxable","14":"product-type-simple","15":"has-product-nav","16":"col","17":"span_1_of_3","18":"owp-content-center","19":"owp-thumbs-layout-horizontal","20":"owp-btn-normal","21":"owp-tabs-layout-horizontal","22":"has-no-thumbnails"},"yoast_head":"<!-- This site is optimized with the Yoast SEO plugin v27.4 - https:\/\/yoast.com\/product\/yoast-seo-wordpress\/ -->\n<title>EPS Kernst\u00fctzen - F\u00f6bus<\/title>\n<meta name=\"description\" content=\"Selbstklebende Kernst\u00fctzen aus EPS f\u00fcr den Aluminiumsandguss \u2013 sichere Kernpositionierung, r\u00fcckstandsfreie Verfl\u00fcchtigung und h\u00f6chste Gussqualit\u00e4t.\" \/>\n<meta name=\"robots\" content=\"index, follow, max-snippet:-1, max-image-preview:large, max-video-preview:-1\" \/>\n<link rel=\"canonical\" href=\"https:\/\/www.foebus.de\/en\/product\/eps-kernstuetzen\/\" \/>\n<meta name=\"twitter:card\" content=\"summary_large_image\" \/>\n<meta name=\"twitter:title\" content=\"EPS Kernst\u00fctzen - F\u00f6bus\" \/>\n<meta name=\"twitter:description\" content=\"Selbstklebende Kernst\u00fctzen aus EPS f\u00fcr den Aluminiumsandguss \u2013 sichere Kernpositionierung, r\u00fcckstandsfreie Verfl\u00fcchtigung und h\u00f6chste Gussqualit\u00e4t.\" \/>\n<meta name=\"twitter:image\" content=\"https:\/\/www.foebus.de\/wp-content\/uploads\/2024\/03\/EPS_Kernstuetzen.png\" \/>\n<meta name=\"twitter:label1\" content=\"Est. reading time\" \/>\n\t<meta name=\"twitter:data1\" content=\"1 minute\" \/>\n<script type=\"application\/ld+json\" class=\"yoast-schema-graph\">{\"@context\":\"https:\\\/\\\/schema.org\",\"@graph\":[{\"@type\":\"WebPage\",\"@id\":\"https:\\\/\\\/www.foebus.de\\\/produkt\\\/eps-kernstuetzen\\\/\",\"url\":\"https:\\\/\\\/www.foebus.de\\\/produkt\\\/eps-kernstuetzen\\\/\",\"name\":\"EPS Kernst\u00fctzen - F\u00f6bus\",\"isPartOf\":{\"@id\":\"https:\\\/\\\/www.foebus.store\\\/#website\"},\"primaryImageOfPage\":{\"@id\":\"https:\\\/\\\/www.foebus.de\\\/produkt\\\/eps-kernstuetzen\\\/#primaryimage\"},\"image\":{\"@id\":\"https:\\\/\\\/www.foebus.de\\\/produkt\\\/eps-kernstuetzen\\\/#primaryimage\"},\"thumbnailUrl\":\"https:\\\/\\\/www.foebus.de\\\/wp-content\\\/uploads\\\/2024\\\/03\\\/EPS_Kernstuetzen.png\",\"datePublished\":\"2024-03-27T14:09:51+00:00\",\"dateModified\":\"2026-04-16T06:33:34+00:00\",\"description\":\"Selbstklebende Kernst\u00fctzen aus EPS f\u00fcr den Aluminiumsandguss \u2013 sichere Kernpositionierung, r\u00fcckstandsfreie Verfl\u00fcchtigung und h\u00f6chste Gussqualit\u00e4t.\",\"breadcrumb\":{\"@id\":\"https:\\\/\\\/www.foebus.de\\\/produkt\\\/eps-kernstuetzen\\\/#breadcrumb\"},\"inLanguage\":\"en-US\",\"potentialAction\":[{\"@type\":\"ReadAction\",\"target\":[\"https:\\\/\\\/www.foebus.de\\\/produkt\\\/eps-kernstuetzen\\\/\"]}]},{\"@type\":\"ImageObject\",\"inLanguage\":\"en-US\",\"@id\":\"https:\\\/\\\/www.foebus.de\\\/produkt\\\/eps-kernstuetzen\\\/#primaryimage\",\"url\":\"https:\\\/\\\/www.foebus.de\\\/wp-content\\\/uploads\\\/2024\\\/03\\\/EPS_Kernstuetzen.png\",\"contentUrl\":\"https:\\\/\\\/www.foebus.de\\\/wp-content\\\/uploads\\\/2024\\\/03\\\/EPS_Kernstuetzen.png\",\"width\":392,\"height\":303,\"caption\":\"Styrodur-Kernst\u00fctzen\"},{\"@type\":\"BreadcrumbList\",\"@id\":\"https:\\\/\\\/www.foebus.de\\\/produkt\\\/eps-kernstuetzen\\\/#breadcrumb\",\"itemListElement\":[{\"@type\":\"ListItem\",\"position\":1,\"name\":\"Home\",\"item\":\"https:\\\/\\\/www.foebus.de\\\/\"},{\"@type\":\"ListItem\",\"position\":2,\"name\":\"Shop\",\"item\":\"https:\\\/\\\/www.foebus.store\\\/shop\\\/\"},{\"@type\":\"ListItem\",\"position\":3,\"name\":\"EPS Kernst\u00fctzen\"}]},{\"@type\":\"WebSite\",\"@id\":\"https:\\\/\\\/www.foebus.store\\\/#website\",\"url\":\"https:\\\/\\\/www.foebus.store\\\/\",\"name\":\"F\u00f6bus\",\"description\":\"Welcome to the World of Foundry &amp; Patternmaking Supply.\",\"publisher\":{\"@id\":\"https:\\\/\\\/www.foebus.store\\\/#organization\"},\"potentialAction\":[{\"@type\":\"SearchAction\",\"target\":{\"@type\":\"EntryPoint\",\"urlTemplate\":\"https:\\\/\\\/www.foebus.store\\\/?s={search_term_string}\"},\"query-input\":{\"@type\":\"PropertyValueSpecification\",\"valueRequired\":true,\"valueName\":\"search_term_string\"}}],\"inLanguage\":\"en-US\"},{\"@type\":\"Organization\",\"@id\":\"https:\\\/\\\/www.foebus.store\\\/#organization\",\"name\":\"Ludwig F\u00f6bus GmbH & Co KG\",\"url\":\"https:\\\/\\\/www.foebus.store\\\/\",\"logo\":{\"@type\":\"ImageObject\",\"inLanguage\":\"en-US\",\"@id\":\"https:\\\/\\\/www.foebus.store\\\/#\\\/schema\\\/logo\\\/image\\\/\",\"url\":\"https:\\\/\\\/www.foebus.de\\\/wp-content\\\/uploads\\\/2019\\\/01\\\/cropped-image004-1.png\",\"contentUrl\":\"https:\\\/\\\/www.foebus.de\\\/wp-content\\\/uploads\\\/2019\\\/01\\\/cropped-image004-1.png\",\"width\":432,\"height\":187,\"caption\":\"Ludwig F\u00f6bus GmbH & Co KG\"},\"image\":{\"@id\":\"https:\\\/\\\/www.foebus.store\\\/#\\\/schema\\\/logo\\\/image\\\/\"}}]}<\/script>\n<!-- \/ Yoast SEO plugin. -->","yoast_head_json":{"title":"EPS Kernst\u00fctzen - F\u00f6bus","description":"Selbstklebende Kernst\u00fctzen aus EPS f\u00fcr den Aluminiumsandguss \u2013 sichere Kernpositionierung, r\u00fcckstandsfreie Verfl\u00fcchtigung und h\u00f6chste Gussqualit\u00e4t.","robots":{"index":"index","follow":"follow","max-snippet":"max-snippet:-1","max-image-preview":"max-image-preview:large","max-video-preview":"max-video-preview:-1"},"canonical":"https:\/\/www.foebus.de\/en\/product\/eps-kernstuetzen\/","twitter_card":"summary_large_image","twitter_title":"EPS Kernst\u00fctzen - F\u00f6bus","twitter_description":"Selbstklebende Kernst\u00fctzen aus EPS f\u00fcr den Aluminiumsandguss \u2013 sichere Kernpositionierung, r\u00fcckstandsfreie Verfl\u00fcchtigung und h\u00f6chste Gussqualit\u00e4t.","twitter_image":"https:\/\/www.foebus.de\/wp-content\/uploads\/2024\/03\/EPS_Kernstuetzen.png","twitter_misc":{"Est. reading time":"1 minute"},"schema":{"@context":"https:\/\/schema.org","@graph":[{"@type":"WebPage","@id":"https:\/\/www.foebus.de\/produkt\/eps-kernstuetzen\/","url":"https:\/\/www.foebus.de\/produkt\/eps-kernstuetzen\/","name":"EPS Kernst\u00fctzen - F\u00f6bus","isPartOf":{"@id":"https:\/\/www.foebus.store\/#website"},"primaryImageOfPage":{"@id":"https:\/\/www.foebus.de\/produkt\/eps-kernstuetzen\/#primaryimage"},"image":{"@id":"https:\/\/www.foebus.de\/produkt\/eps-kernstuetzen\/#primaryimage"},"thumbnailUrl":"https:\/\/www.foebus.de\/wp-content\/uploads\/2024\/03\/EPS_Kernstuetzen.png","datePublished":"2024-03-27T14:09:51+00:00","dateModified":"2026-04-16T06:33:34+00:00","description":"Selbstklebende Kernst\u00fctzen aus EPS f\u00fcr den Aluminiumsandguss \u2013 sichere Kernpositionierung, r\u00fcckstandsfreie Verfl\u00fcchtigung und h\u00f6chste Gussqualit\u00e4t.","breadcrumb":{"@id":"https:\/\/www.foebus.de\/produkt\/eps-kernstuetzen\/#breadcrumb"},"inLanguage":"en-US","potentialAction":[{"@type":"ReadAction","target":["https:\/\/www.foebus.de\/produkt\/eps-kernstuetzen\/"]}]},{"@type":"ImageObject","inLanguage":"en-US","@id":"https:\/\/www.foebus.de\/produkt\/eps-kernstuetzen\/#primaryimage","url":"https:\/\/www.foebus.de\/wp-content\/uploads\/2024\/03\/EPS_Kernstuetzen.png","contentUrl":"https:\/\/www.foebus.de\/wp-content\/uploads\/2024\/03\/EPS_Kernstuetzen.png","width":392,"height":303,"caption":"Styrodur-Kernst\u00fctzen"},{"@type":"BreadcrumbList","@id":"https:\/\/www.foebus.de\/produkt\/eps-kernstuetzen\/#breadcrumb","itemListElement":[{"@type":"ListItem","position":1,"name":"Home","item":"https:\/\/www.foebus.de\/"},{"@type":"ListItem","position":2,"name":"Shop","item":"https:\/\/www.foebus.store\/shop\/"},{"@type":"ListItem","position":3,"name":"EPS Kernst\u00fctzen"}]},{"@type":"WebSite","@id":"https:\/\/www.foebus.store\/#website","url":"https:\/\/www.foebus.store\/","name":"F\u00f6bus","description":"Welcome to the World of Foundry &amp; Patternmaking Supply.","publisher":{"@id":"https:\/\/www.foebus.store\/#organization"},"potentialAction":[{"@type":"SearchAction","target":{"@type":"EntryPoint","urlTemplate":"https:\/\/www.foebus.store\/?s={search_term_string}"},"query-input":{"@type":"PropertyValueSpecification","valueRequired":true,"valueName":"search_term_string"}}],"inLanguage":"en-US"},{"@type":"Organization","@id":"https:\/\/www.foebus.store\/#organization","name":"Ludwig F\u00f6bus GmbH & Co KG","url":"https:\/\/www.foebus.store\/","logo":{"@type":"ImageObject","inLanguage":"en-US","@id":"https:\/\/www.foebus.store\/#\/schema\/logo\/image\/","url":"https:\/\/www.foebus.de\/wp-content\/uploads\/2019\/01\/cropped-image004-1.png","contentUrl":"https:\/\/www.foebus.de\/wp-content\/uploads\/2019\/01\/cropped-image004-1.png","width":432,"height":187,"caption":"Ludwig F\u00f6bus GmbH & Co KG"},"image":{"@id":"https:\/\/www.foebus.store\/#\/schema\/logo\/image\/"}}]}},"jetpack_sharing_enabled":true,"_links":{"self":[{"href":"https:\/\/www.foebus.de\/en\/wp-json\/wp\/v2\/product\/15052","targetHints":{"allow":["GET"]}}],"collection":[{"href":"https:\/\/www.foebus.de\/en\/wp-json\/wp\/v2\/product"}],"about":[{"href":"https:\/\/www.foebus.de\/en\/wp-json\/wp\/v2\/types\/product"}],"wp:featuredmedia":[{"embeddable":true,"href":"https:\/\/www.foebus.de\/en\/wp-json\/wp\/v2\/media\/18331"}],"wp:attachment":[{"href":"https:\/\/www.foebus.de\/en\/wp-json\/wp\/v2\/media?parent=15052"}],"wp:term":[{"taxonomy":"product_brand","embeddable":true,"href":"https:\/\/www.foebus.de\/en\/wp-json\/wp\/v2\/product_brand?post=15052"},{"taxonomy":"product_cat","embeddable":true,"href":"https:\/\/www.foebus.de\/en\/wp-json\/wp\/v2\/product_cat?post=15052"},{"taxonomy":"product_tag","embeddable":true,"href":"https:\/\/www.foebus.de\/en\/wp-json\/wp\/v2\/product_tag?post=15052"}],"curies":[{"name":"wp","href":"https:\/\/api.w.org\/{rel}","templated":true}]}}